{"id":26,"date":"2021-04-20T12:16:53","date_gmt":"2021-04-20T11:16:53","guid":{"rendered":"http:\/\/elkedagbeter.nu\/?page_id=26"},"modified":"2021-04-20T12:31:27","modified_gmt":"2021-04-20T11:31:27","slug":"om-mig","status":"publish","type":"page","link":"http:\/\/elkedagbeter.nu\/?page_id=26","title":{"rendered":"Om mig"},"content":{"rendered":"<p>Mitt namn \u00e4r Peter Elkedagbeter och \u00e4r bosatt i Stockholmsregionen. Jag \u00e4r f\u00f6dd i Holland i en liten by utanf\u00f6r Utrecht men kom till Sverige n\u00e4r jag var 9 \u00e5r gammal redan. Jag ser mig sj\u00e4lv som svensk \u00e4ven om r\u00f6tterna finns p\u00e5 annat h\u00e5ll och \u00e4r en n\u00e5got av en it-n\u00f6rd som p\u00e5 samma g\u00e5ng \u00e4lskar att vistas ute i naturen. Alla h\u00e4rliga f\u00e4rger, den d\u00e4r friska luften och f\u00e5glarnas kvitter \u00e4r som ljuv musik f\u00f6r mina \u00f6ron. Det \u00e4r h\u00e4r jag h\u00f6r hemma och jag f\u00f6rs\u00f6ker att inspirera andra m\u00e4nniskor att ocks\u00e5 ge dig ut och uppt\u00e4cka den &#8220;riktiga&#8221; v\u00e4rlden. Friluftlivet \u00e4r ett s\u00e4tt f\u00f6r mig att balansera familj och arbete och jag tar tillf\u00e4llet varje tillf\u00e4lle i akt.<\/p>\n<p>Efter att du bes\u00f6kt min sida s\u00e5 vill jag att du ger dig ut i naturen, ja nu p\u00e5 direkten och st\u00e4ll inga fler dumma fr\u00e5gor! \ud83d\ude42<\/p>\n","protected":false},"excerpt":{"rendered":"<p>Mitt namn \u00e4r Peter Elkedagbeter och \u00e4r bosatt i Stockholmsregionen. Jag \u00e4r f\u00f6dd i Holland i en liten by utanf\u00f6r Utrecht men kom till Sverige n\u00e4r jag var 9 \u00e5r gammal redan. Jag ser mig sj\u00e4lv som svensk \u00e4ven om r\u00f6tterna finns p\u00e5 annat h\u00e5ll och \u00e4r en n\u00e5got av en it-n\u00f6rd som p\u00e5 samma [&hellip;]<\/p>\n","protected":false},"author":1,"featured_media":36,"parent":0,"menu_order":0,"comment_status":"closed","ping_status":"closed","template":"","meta":{"footnotes":""},"class_list":["post-26","page","type-page","status-publish","has-post-thumbnail","hentry"],"_links":{"self":[{"href":"http:\/\/elkedagbeter.nu\/index.php?rest_route=\/wp\/v2\/pages\/26","targetHints":{"allow":["GET"]}}],"collection":[{"href":"http:\/\/elkedagbeter.nu\/index.php?rest_route=\/wp\/v2\/pages"}],"about":[{"href":"http:\/\/elkedagbeter.nu\/index.php?rest_route=\/wp\/v2\/types\/page"}],"author":[{"embeddable":true,"href":"http:\/\/elkedagbeter.nu\/index.php?rest_route=\/wp\/v2\/users\/1"}],"replies":[{"embeddable":true,"href":"http:\/\/elkedagbeter.nu\/index.php?rest_route=%2Fwp%2Fv2%2Fcomments&post=26"}],"version-history":[{"count":1,"href":"http:\/\/elkedagbeter.nu\/index.php?rest_route=\/wp\/v2\/pages\/26\/revisions"}],"predecessor-version":[{"id":27,"href":"http:\/\/elkedagbeter.nu\/index.php?rest_route=\/wp\/v2\/pages\/26\/revisions\/27"}],"wp:featuredmedia":[{"embeddable":true,"href":"http:\/\/elkedagbeter.nu\/index.php?rest_route=\/wp\/v2\/media\/36"}],"wp:attachment":[{"href":"http:\/\/elkedagbeter.nu\/index.php?rest_route=%2Fwp%2Fv2%2Fmedia&parent=26"}],"curies":[{"name":"wp","href":"https:\/\/api.w.org\/{rel}","templated":true}]}}